{"id":2358,"date":"2024-05-04T16:18:15","date_gmt":"2024-05-04T13:18:15","guid":{"rendered":"https:\/\/raikastavuori-ilmaajaekoelamaa.com\/?page_id=2358"},"modified":"2024-05-04T16:18:15","modified_gmt":"2024-05-04T13:18:15","slug":"herzfeld-sennrutin-tapahtumat","status":"publish","type":"page","link":"https:\/\/raikastavuori-ilmaajaekoelamaa.com\/index.php\/herzfeld-sennrutin-tapahtumat\/","title":{"rendered":"Herzfeld Sennr\u00fctin tapahtumat"},"content":{"rendered":"\n<h2 class=\"wp-block-heading\">Mit\u00e4 kaikkea yhteis\u00f6ss\u00e4 ja Degersheimissa tapahtuu?<\/h2>\n\n\n\n<h3 class=\"wp-block-heading\">Aamupiiri<\/h3>\n\n\n\n<p>J\u00e4rjestet\u00e4\u00e4n joka arkiaamu ja talkoop\u00e4iv\u00e4n aluksi. Arkiaamujen aamupiiriss\u00e4 on yleens\u00e4 jonkinlainen teema, jota kunkin tulee pohtia. Yksi puheenvuoro kest\u00e4\u00e4 3-5 minuuttia jonka j\u00e4lkeen roolit vahtuvat ja kertojasta tulee aktiivinen kuuntelija vice versa.  Rakenne on noudattaa kutakuinkin samaa kaavaa p\u00e4iv\u00e4st\u00e4 toiseen:<\/p>\n\n\n\n<ul class=\"wp-block-list\">\n<li>Laulelma<\/li>\n\n\n\n<li>Hetken hiljaisuus<\/li>\n\n\n\n<li>Teemanmukainen keskustelu. Aihetta saa pohtia my\u00f6s ilman paria<\/li>\n\n\n\n<li>Omien tunteiden ja ajatusten jakaminen kaikkien osallistujien kesken teemaan tai yleiseen olotilaan liittyen. Hiljaisuuskin sallitaan<\/li>\n\n\n\n<li>P\u00e4iv\u00e4n ohjelma ja ty\u00f6njako<\/li>\n\n\n\n<li>Laulelma<\/li>\n\n\n\n<li>Kynttil\u00e4nliekin puhaltaminen ja toiveen esitt\u00e4minen: rauhaa, terveytt\u00e4, hyvinvointia, vastauksia, apua tiety(i)lle ihmiselle&#8230;<\/li>\n<\/ul>\n\n\n\n<h3 class=\"wp-block-heading\">Aktionstag ja Besuchsnachmittag<\/h3>\n\n\n\n<p>Jokaisen kuukauden nelj\u00e4nten\u00e4 lauantaina pidet\u00e4\u00e4n perjantaisin avointen ovien p\u00e4iv\u00e4 ja lauantaina talkoop\u00e4iv\u00e4. Jokaiselle p\u00e4iv\u00e4lle on omat teht\u00e4v\u00e4ns\u00e4, jotka vaativat enemm\u00e4n osallistujia. Osa talkoop\u00e4ivist\u00e4 on avoinna kaikille, osa vain yhteis\u00f6ss\u00e4 asuville. Kummankin p\u00e4iv\u00e4n p\u00e4\u00e4tteeksi tarjoillaan kakkukahvit ja mik\u00e4 parasta, perjantai-iltana ja koko lauantaip\u00e4iv\u00e4n kahvikoneesta saa ilmasta kahvia\/erikoiskahveja! <\/p>\n\n\n\n<div style=\"height:20px\" aria-hidden=\"true\" class=\"wp-block-spacer\"><\/div>\n\n\n\n<h3 class=\"wp-block-heading\">Erfarungstage<\/h3>\n\n\n\n<p>Noin viiden kuukauden v\u00e4lein j\u00e4rjestett\u00e4v\u00e4t kokemusp\u00e4iv\u00e4t. Osallistujina toimivat kanssa-asujat, yhteis\u00f6kokelaat sek\u00e4 sellaisiksi haluavat. Nelj\u00e4n p\u00e4iv\u00e4n aikana k\u00e4yd\u00e4\u00e4n l\u00e4pi erilaisissa ty\u00f6pajoissa Herzfeld Sennr\u00fctissa vallitsevia arvoja, avoimen kommunikoinnin keinoja sek\u00e4 erilaisia ty\u00f6kaluja konfliktinratkaisuun. <\/p>\n\n\n\n<div style=\"height:20px\" aria-hidden=\"true\" class=\"wp-block-spacer\"><\/div>\n\n\n\n<h3 class=\"wp-block-heading\">Intensivtage eli nimens\u00e4 mukaisesta intensiivip\u00e4iv\u00e4t<\/h3>\n\n\n\n<p>Yhteis\u00f6n j\u00e4senille ja yhteis\u00f6kokelaille j\u00e4rjetett\u00e4v\u00e4t intensiivip\u00e4iv\u00e4t, jotka j\u00e4rjestet\u00e4\u00e4n 2-4 kertaa vuodessa. Intensiivip\u00e4ivien aikana k\u00e4yd\u00e4\u00e4n esimerkiksi l\u00e4pi tulevaa vuotta, sen tapahtumia ja ajankohtaisia projekteja.<\/p>\n\n\n\n<div style=\"height:20px\" aria-hidden=\"true\" class=\"wp-block-spacer\"><\/div>\n\n\n\n<h3 class=\"wp-block-heading\">Markkinat<\/h3>\n\n\n\n<p>Joulumarkkinat, kantonin markkinat, kyl\u00e4n markkinat&#8230; Kest\u00e4v\u00e4t yleens\u00e4 1-3 p\u00e4iv\u00e4\u00e4 ja joskus niiden ansiosta saa vapaata! Luonnollisesti kylien omat markkinat ovat pienemm\u00e4ss\u00e4 mittakaavassa kuin isommissa kaupungeissa, mutta ainakaan ei tule ylirasitusta ihmismassoista.<\/p>\n\n\n\n<div style=\"height:20px\" aria-hidden=\"true\" class=\"wp-block-spacer\"><\/div>\n\n\n\n<h3 class=\"wp-block-heading\">Sunnuntaibrunssi<\/h3>\n\n\n\n<p>Nimens\u00e4 mukaisesti sunnuntaibrunssi. Jokainen osallistuja tuo nyytt\u00e4riperiaatteella jotain tarjottavaa. Erinomainen tilaisuus kokeilla uudenlaisia ruokia ja sosialisoitua!<\/p>\n","protected":false},"excerpt":{"rendered":"<p>Mit\u00e4 kaikkea yhteis\u00f6ss\u00e4 ja Degersheimissa tapahtuu? Aamupiiri J\u00e4rjestet\u00e4\u00e4n joka arkiaamu ja talkoop\u00e4iv\u00e4n aluksi. Arkiaamujen aamupiiriss\u00e4 on yleens\u00e4 jonkinlainen teema, jota kunkin tulee pohtia. Yksi puheenvuoro kest\u00e4\u00e4 3-5 minuuttia jonka j\u00e4lkeen roolit vahtuvat ja kertojasta tulee aktiivinen kuuntelija vice versa. Rakenne on noudattaa kutakuinkin samaa kaavaa p\u00e4iv\u00e4st\u00e4 toiseen: Aktionstag ja Besuchsnachmittag Jokaisen kuukauden nelj\u00e4nten\u00e4 lauantaina pidet\u00e4\u00e4n &hellip;<\/p>\n<p class=\"read-more\"> <a class=\"\" href=\"https:\/\/raikastavuori-ilmaajaekoelamaa.com\/index.php\/herzfeld-sennrutin-tapahtumat\/\"> <span class=\"screen-reader-text\">Herzfeld Sennr\u00fctin tapahtumat<\/span> Read More &raquo;<\/a><\/p>\n","protected":false},"author":1,"featured_media":0,"parent":0,"menu_order":0,"comment_status":"closed","ping_status":"closed","template":"","meta":{"_uag_custom_page_level_css":"","_monsterinsights_skip_tracking":false,"_monsterinsights_sitenote_active":false,"_monsterinsights_sitenote_note":"","_monsterinsights_sitenote_category":0,"site-sidebar-layout":"default","site-content-layout":"default","ast-global-header-display":"","ast-banner-title-visibility":"","ast-main-header-display":"","ast-hfb-above-header-display":"","ast-hfb-below-header-display":"","ast-hfb-mobile-header-display":"","site-post-title":"","ast-breadcrumbs-content":"","ast-featured-img":"","footer-sml-layout":"","theme-transparent-header-meta":"","adv-header-id-meta":"","stick-header-meta":"","header-above-stick-meta":"","header-main-stick-meta":"","header-below-stick-meta":"","footnotes":""},"class_list":["post-2358","page","type-page","status-publish","hentry"],"aioseo_notices":[],"uagb_featured_image_src":{"full":false,"thumbnail":false,"medium":false,"medium_large":false,"large":false,"1536x1536":false,"2048x2048":false},"uagb_author_info":{"display_name":"Vilma","author_link":"https:\/\/raikastavuori-ilmaajaekoelamaa.com\/index.php\/author\/raikastavuori-ilmaajaekoelamaa-com\/"},"uagb_comment_info":0,"uagb_excerpt":"Mit\u00e4 kaikkea yhteis\u00f6ss\u00e4 ja Degersheimissa tapahtuu? Aamupiiri J\u00e4rjestet\u00e4\u00e4n joka arkiaamu ja talkoop\u00e4iv\u00e4n aluksi. Arkiaamujen aamupiiriss\u00e4 on yleens\u00e4 jonkinlainen teema, jota kunkin tulee pohtia. Yksi puheenvuoro kest\u00e4\u00e4 3-5 minuuttia jonka j\u00e4lkeen roolit vahtuvat ja kertojasta tulee aktiivinen kuuntelija vice versa. Rakenne on noudattaa kutakuinkin samaa kaavaa p\u00e4iv\u00e4st\u00e4 toiseen: Aktionstag ja Besuchsnachmittag Jokaisen kuukauden nelj\u00e4nten\u00e4 lauantaina pidet\u00e4\u00e4n&hellip;","_links":{"self":[{"href":"https:\/\/raikastavuori-ilmaajaekoelamaa.com\/index.php\/wp-json\/wp\/v2\/pages\/2358","targetHints":{"allow":["GET"]}}],"collection":[{"href":"https:\/\/raikastavuori-ilmaajaekoelamaa.com\/index.php\/wp-json\/wp\/v2\/pages"}],"about":[{"href":"https:\/\/raikastavuori-ilmaajaekoelamaa.com\/index.php\/wp-json\/wp\/v2\/types\/page"}],"author":[{"embeddable":true,"href":"https:\/\/raikastavuori-ilmaajaekoelamaa.com\/index.php\/wp-json\/wp\/v2\/users\/1"}],"replies":[{"embeddable":true,"href":"https:\/\/raikastavuori-ilmaajaekoelamaa.com\/index.php\/wp-json\/wp\/v2\/comments?post=2358"}],"version-history":[{"count":3,"href":"https:\/\/raikastavuori-ilmaajaekoelamaa.com\/index.php\/wp-json\/wp\/v2\/pages\/2358\/revisions"}],"predecessor-version":[{"id":2397,"href":"https:\/\/raikastavuori-ilmaajaekoelamaa.com\/index.php\/wp-json\/wp\/v2\/pages\/2358\/revisions\/2397"}],"wp:attachment":[{"href":"https:\/\/raikastavuori-ilmaajaekoelamaa.com\/index.php\/wp-json\/wp\/v2\/media?parent=2358"}],"curies":[{"name":"wp","href":"https:\/\/api.w.org\/{rel}","templated":true}]}}