{"id":2332,"date":"2023-10-18T19:31:39","date_gmt":"2023-10-18T16:31:39","guid":{"rendered":"https:\/\/raikastavuori-ilmaajaekoelamaa.com\/?page_id=2332"},"modified":"2023-10-18T19:37:37","modified_gmt":"2023-10-18T16:37:37","slug":"julkaisut","status":"publish","type":"page","link":"https:\/\/raikastavuori-ilmaajaekoelamaa.com\/index.php\/julkaisut\/","title":{"rendered":"Julkaisut"},"content":{"rendered":"\n<ul class=\"wp-block-list\"><\/ul>\n\n\n\n<div class=\"wp-block-query is-layout-flow wp-block-query-is-layout-flow\"><ul class=\"wp-block-post-template is-layout-flow wp-block-post-template-is-layout-flow\"><li class=\"wp-block-post post-2391 post type-post status-publish format-standard has-post-thumbnail hentry category-blog category-yhteisollisyys tag-talkoot\">\n\n<div class=\"wp-block-group is-content-justification-center is-layout-constrained wp-container-core-group-is-layout-1 wp-block-group-is-layout-constrained\" style=\"padding-top:30px;padding-right:30px;padding-bottom:30px;padding-left:30px\"><h2 class=\"wp-block-post-title\"><a href=\"https:\/\/raikastavuori-ilmaajaekoelamaa.com\/index.php\/2024\/05\/04\/aktionstag-love-is-work-in-action\/\" target=\"_self\" >Aktionstag &#8211; Love is work in action<\/a><\/h2>\n\n<div class=\"wp-block-post-excerpt\"><p class=\"wp-block-post-excerpt__excerpt\">Aktionstag &#8211; Love is work in action Blogin puolella on ollut taas radiohiljaisuutta, mutta unohtanut en t\u00e4t\u00e4 silti ole. Maaliskuussa olin l\u00e4hes jokaisena viikonloppuna menossa, joten vapaata hetke\u00e4 blogin kirjoittamiseen oli vaikea l\u00f6yt\u00e4\u00e4. Joko olin niin v\u00e4syksiss\u00e4 ja kaipasin lepoa kirjoittamisen sijaan tai sitten palasin Sennr\u00fctiin vasta iltamy\u00f6h\u00e4ll\u00e4. Huhtikuussa taas viikot vilisiv\u00e4t ohi aivan huomaamatta,&hellip; <\/p><\/div>\n\n<div class=\"wp-block-post-date\"><time datetime=\"2024-05-04T16:04:21+03:00\">4.5.2024<\/time><\/div><\/div>\n\n<\/li><li class=\"wp-block-post post-2386 post type-post status-publish format-standard has-post-thumbnail hentry category-blog tag-european-volunteer-service tag-evs\">\n\n<div class=\"wp-block-group is-content-justification-center is-layout-constrained wp-container-core-group-is-layout-2 wp-block-group-is-layout-constrained\" style=\"padding-top:30px;padding-right:30px;padding-bottom:30px;padding-left:30px\"><h2 class=\"wp-block-post-title\"><a href=\"https:\/\/raikastavuori-ilmaajaekoelamaa.com\/index.php\/2024\/03\/10\/puolivalin-pohdintaa\/\" target=\"_self\" >Puoliv\u00e4lin pohdintaa<\/a><\/h2>\n\n<div class=\"wp-block-post-excerpt\"><p class=\"wp-block-post-excerpt__excerpt\">Puoliv\u00e4lin pohdintaa Helmi-maaliskuun vaihteessa saavutettiin vapaaehtoisty\u00f6projekti puoliv\u00e4lin rajapyykki. Tuntuu silt\u00e4, ett\u00e4 Sveitsiin saapumisesta on yht\u00e4 aikaa ikuisuus ja toisaalta vain pieni hetki aikaa. Vuosien opiskelun j\u00e4lkeen tarvitsin tauon, jotta voisin l\u00f6yt\u00e4\u00e4 taas yhteyden itseeni, joten t\u00e4\u00e4ll\u00e4 oleminen ja et\u00e4isyyden saaminen on tehnyt minulle hyv\u00e4\u00e4. Luultavasti t\u00e4m\u00e4 koko artikkeli on puhtaasti ajatusvirtaa, joten bare with me!&hellip; <\/p><\/div>\n\n<div class=\"wp-block-post-date\"><time datetime=\"2024-03-10T16:05:33+02:00\">10.3.2024<\/time><\/div><\/div>\n\n<\/li><li class=\"wp-block-post post-2375 post type-post status-publish format-standard has-post-thumbnail hentry category-blog tag-joulu tag-joulukuu tag-joulumarkkinat tag-jouluperinteet tag-joulusauna\">\n\n<div class=\"wp-block-group is-content-justification-center is-layout-constrained wp-container-core-group-is-layout-3 wp-block-group-is-layout-constrained\" style=\"padding-top:30px;padding-right:30px;padding-bottom:30px;padding-left:30px\"><h2 class=\"wp-block-post-title\"><a href=\"https:\/\/raikastavuori-ilmaajaekoelamaa.com\/index.php\/2024\/02\/04\/das-weihnachtsalphabet\/\" target=\"_self\" >Das Weihnachtsalphabet<\/a><\/h2>\n\n<div class=\"wp-block-post-excerpt\"><p class=\"wp-block-post-excerpt__excerpt\">Das Weihnachtsalphabet Eli mist\u00e4 sveitsil\u00e4inen jouluni 2023 koostui A = Advent Kranz Tein t\u00e4n\u00e4 jouluna ensimm\u00e4ist\u00e4 kertaa adventtikransseja! Adventtikranssit ovat k\u00e4yt\u00e4nn\u00f6ss\u00e4 py\u00f6re\u00e4\u00e4n kehikkoon kierrettyj\u00e4 havukransseja. Materiaalina adventtikransseissa k\u00e4ytettiin ainakin viiden eri havupuun oksia, mistelinoksia, piikkipaatsamaa, kahta eri tuijalajiketta sek\u00e4 muita ikivihreit\u00e4 kasveja. Oksien kiinnitt\u00e4misess\u00e4 k\u00e4ytimme apuna rautalankaa ja niittej\u00e4. B = Bescherung C = Christkindl&hellip; <\/p><\/div>\n\n<div class=\"wp-block-post-date\"><time datetime=\"2024-02-04T21:37:32+02:00\">4.2.2024<\/time><\/div><\/div>\n\n<\/li><li class=\"wp-block-post post-2361 post type-post status-publish format-standard has-post-thumbnail hentry category-blog tag-adventtikalenteri tag-luovuuden-puuska\">\n\n<div class=\"wp-block-group is-content-justification-center is-layout-constrained wp-container-core-group-is-layout-4 wp-block-group-is-layout-constrained\" style=\"padding-top:30px;padding-right:30px;padding-bottom:30px;padding-left:30px\"><h2 class=\"wp-block-post-title\"><a href=\"https:\/\/raikastavuori-ilmaajaekoelamaa.com\/index.php\/2024\/01\/07\/marraskuinen-luovuuden-puuska\/\" target=\"_self\" >Marraskuinen luovuuden puuska<\/a><\/h2>\n\n<div class=\"wp-block-post-excerpt\"><p class=\"wp-block-post-excerpt__excerpt\">Marraskuinen luovuuden puuska Marraskuussa l\u00f6ysin taas ainakin hetkellisesti jotain, mik\u00e4 on ollut kauan hukassa. Jotain mik\u00e4 on yht\u00e4 t\u00e4rke\u00e4\u00e4 ihmisen mielenterveyden s\u00e4ilymiselle kuten happi ja ravinto fysiologialle. Jotain, mik\u00e4 j\u00e4\u00e4 toissijaiseksi akateemisen maailman loogisuudelle. Luovuuden. Kuten luovat ajatukset yleens\u00e4kin, ne alkavat py\u00f6rim\u00e4\u00e4n mieless\u00e4 illalla my\u00f6h\u00e4\u00e4n, kun on tarkoitus nukahtaa. N\u00e4in on ainakin omalla kohdallani. Kello&hellip; <\/p><\/div>\n\n<div class=\"wp-block-post-date\"><time datetime=\"2024-01-07T16:49:25+02:00\">7.1.2024<\/time><\/div><\/div>\n\n<\/li><li class=\"wp-block-post post-2344 post type-post status-publish format-standard has-post-thumbnail hentry category-blog category-lahiruoka category-puutarha tag-autumn tag-bio tag-european-volunteer-service tag-evs tag-harvesting tag-sadonkorjuu\">\n\n<div class=\"wp-block-group is-content-justification-center is-layout-constrained wp-container-core-group-is-layout-5 wp-block-group-is-layout-constrained\" style=\"padding-top:30px;padding-right:30px;padding-bottom:30px;padding-left:30px\"><h2 class=\"wp-block-post-title\"><a href=\"https:\/\/raikastavuori-ilmaajaekoelamaa.com\/index.php\/2023\/11\/26\/sadonkorjuuta-ja-puutarhakauden-paatos\/\" target=\"_self\" >Sadonkorjuuta ja puutarhakauden p\u00e4\u00e4t\u00f6s<\/a><\/h2>\n\n<div class=\"wp-block-post-excerpt\"><p class=\"wp-block-post-excerpt__excerpt\">EVS-koulutusta seuraavat viikot toistuivat hyvin pitk\u00e4lti samanlaisina, sijainti vain muuttui. Kun kolme viikkoa putkeen l\u00e4hes p\u00e4ivitt\u00e4in kitkee rikkaruohoja, on ns. \u201crikkaruohovapaat\u201d p\u00e4iv\u00e4t tervetulleita, vaikka luvassa olisikin siivousta tai ruoanlaittoa! Sanomattakin siis selv\u00e4\u00e4, ett\u00e4 kyseiset viikot meniv\u00e4t aika vahvassa sumussa, sill\u00e4 viikosta toiseen samat teht\u00e4v\u00e4t toistuivat kutakuinkin samoina p\u00e4ivin\u00e4. T\u00e4n\u00e4 vuonna syksy saapui kertarys\u00e4yksell\u00e4, sill\u00e4 perjantaina&hellip; <\/p><\/div>\n\n<div class=\"wp-block-post-date\"><time datetime=\"2023-11-26T19:28:43+02:00\">26.11.2023<\/time><\/div><\/div>\n\n<\/li><li class=\"wp-block-post post-2328 post type-post status-publish format-standard has-post-thumbnail hentry category-blog tag-european-volunteer-service tag-evs tag-international-day-of-peace tag-kansainvalinen-rauhanpaiva tag-kansainvalinen-vapaaehtoistyo-ry tag-kvt-ry tag-movetia tag-sci-service-civil-international tag-sci-switzerland\">\n\n<div class=\"wp-block-group is-content-justification-center is-layout-constrained wp-container-core-group-is-layout-6 wp-block-group-is-layout-constrained\" style=\"padding-top:30px;padding-right:30px;padding-bottom:30px;padding-left:30px\"><h2 class=\"wp-block-post-title\"><a href=\"https:\/\/raikastavuori-ilmaajaekoelamaa.com\/index.php\/2023\/10\/18\/evs-koulutus-osa-1-on-arrival-training\/\" target=\"_self\" >EVS-koulutus, osa 1: On-Arrival Training<\/a><\/h2>\n\n<div class=\"wp-block-post-excerpt\"><p class=\"wp-block-post-excerpt__excerpt\">EVS-koulutus, osa 1: On-Arrival Training Koska edellinen viikko meni hyvin pitk\u00e4lti samanlaisissa merkeiss\u00e4 kuin edelt\u00e4j\u00e4ns\u00e4, hypp\u00e4\u00e4n samantien seuraavaan viikkoon, joka poikkesi aika lailla normaalista! Jokaisen pitk\u00e4aikaisen vapaaehtoisty\u00f6ntekij\u00e4n \u201cpakollisiin\u201d teht\u00e4viin kuuluu omassa projektissaan ty\u00f6skentelemisen lis\u00e4ksi kaksi koulutusta vapaaehtoisty\u00f6projektin aikana. Ensimm\u00e4iseen eli On-Arrival-koulutukseen osallistutaan nimens\u00e4 mukaisesti vapaaehtoisty\u00f6jakson alussa ja toiseen, eli Mid-Term-koulutukseen noin 6kk my\u00f6hemmin. T\u00e4m\u00e4n syksyn&hellip; <\/p><\/div>\n\n<div class=\"wp-block-post-date\"><time datetime=\"2023-10-18T19:26:49+03:00\">18.10.2023<\/time><\/div><\/div>\n\n<\/li><\/ul><\/div>\n","protected":false},"excerpt":{"rendered":"","protected":false},"author":1,"featured_media":0,"parent":0,"menu_order":0,"comment_status":"closed","ping_status":"closed","template":"","meta":{"_uag_custom_page_level_css":"","_monsterinsights_skip_tracking":false,"_monsterinsights_sitenote_active":false,"_monsterinsights_sitenote_note":"","_monsterinsights_sitenote_category":0,"site-sidebar-layout":"default","site-content-layout":"default","ast-global-header-display":"","ast-banner-title-visibility":"","ast-main-header-display":"","ast-hfb-above-header-display":"","ast-hfb-below-header-display":"","ast-hfb-mobile-header-display":"","site-post-title":"","ast-breadcrumbs-content":"","ast-featured-img":"","footer-sml-layout":"","theme-transparent-header-meta":"","adv-header-id-meta":"","stick-header-meta":"","header-above-stick-meta":"","header-main-stick-meta":"","header-below-stick-meta":"","footnotes":""},"class_list":["post-2332","page","type-page","status-publish","hentry"],"aioseo_notices":[],"uagb_featured_image_src":{"full":false,"thumbnail":false,"medium":false,"medium_large":false,"large":false,"1536x1536":false,"2048x2048":false},"uagb_author_info":{"display_name":"Vilma","author_link":"https:\/\/raikastavuori-ilmaajaekoelamaa.com\/index.php\/author\/raikastavuori-ilmaajaekoelamaa-com\/"},"uagb_comment_info":0,"uagb_excerpt":null,"_links":{"self":[{"href":"https:\/\/raikastavuori-ilmaajaekoelamaa.com\/index.php\/wp-json\/wp\/v2\/pages\/2332","targetHints":{"allow":["GET"]}}],"collection":[{"href":"https:\/\/raikastavuori-ilmaajaekoelamaa.com\/index.php\/wp-json\/wp\/v2\/pages"}],"about":[{"href":"https:\/\/raikastavuori-ilmaajaekoelamaa.com\/index.php\/wp-json\/wp\/v2\/types\/page"}],"author":[{"embeddable":true,"href":"https:\/\/raikastavuori-ilmaajaekoelamaa.com\/index.php\/wp-json\/wp\/v2\/users\/1"}],"replies":[{"embeddable":true,"href":"https:\/\/raikastavuori-ilmaajaekoelamaa.com\/index.php\/wp-json\/wp\/v2\/comments?post=2332"}],"version-history":[{"count":4,"href":"https:\/\/raikastavuori-ilmaajaekoelamaa.com\/index.php\/wp-json\/wp\/v2\/pages\/2332\/revisions"}],"predecessor-version":[{"id":2340,"href":"https:\/\/raikastavuori-ilmaajaekoelamaa.com\/index.php\/wp-json\/wp\/v2\/pages\/2332\/revisions\/2340"}],"wp:attachment":[{"href":"https:\/\/raikastavuori-ilmaajaekoelamaa.com\/index.php\/wp-json\/wp\/v2\/media?parent=2332"}],"curies":[{"name":"wp","href":"https:\/\/api.w.org\/{rel}","templated":true}]}}