{"id":2,"date":"2023-07-31T20:04:48","date_gmt":"2023-07-31T17:04:48","guid":{"rendered":"http:\/\/raikastavuori-ilmaajaekoelamaa.com\/?page_id=2"},"modified":"2023-11-26T19:32:57","modified_gmt":"2023-11-26T17:32:57","slug":"esimerkkisivu","status":"publish","type":"page","link":"https:\/\/raikastavuori-ilmaajaekoelamaa.com\/index.php\/esimerkkisivu\/","title":{"rendered":"Blogin takana&#8230;"},"content":{"rendered":"\n<p>Blogin takana h\u00e4\u00e4r\u00e4\u00e4 28-vuotias naisimmeinen, joka on kiinnostunut el\u00e4m\u00e4\u00e4n vihre\u00e4mmin ja kest\u00e4v\u00e4mmin. Viime vuosina olen havahtunut siihen, ett\u00e4 nyky\u00e4\u00e4n mietin yh\u00e4 enemm\u00e4n ostoksiani ja sit\u00e4 onko kyseess\u00e4 halu vai tarve. Ostan harkiten ja kest\u00e4v\u00e4\u00e4 sek\u00e4 suosin kirpputoreja hankinnoissani. Asunnossani on enimm\u00e4kseen kierr\u00e4tettyj\u00e4 huonekaluja ja vaatevarastoa p\u00e4ivitt\u00e4ess\u00e4 etsin tarvitsemaani ensin k\u00e4ytettyn\u00e4.<\/p>\n\n\n\n<div style=\"height:20px\" aria-hidden=\"true\" class=\"wp-block-spacer\"><\/div>\n\n\n\n<p>Harrastuksiini kuuluu kaikenlainen luonnossa samoilu, lukeminen, kulttuuririennot, (ik\u00e4v\u00e4 kyll\u00e4) sarjamaratoonaus sek\u00e4 erilaiset kansalaisopiston kurssit. Viime vuonna osallistuin jopa kolmelle Oulun kansalaisopiston j\u00e4rjest\u00e4m\u00e4lle kurssille. K\u00e4ym\u00e4ni kurssit  olivat huonekalujen kunnostus ja restaurointi, tuohity\u00f6t ja Shaktajooga. Shaktajoogaa kokeilin l\u00e4hinn\u00e4 uteliaisuudesta, sill\u00e4 kaipasin t\u00f6iden vastapainoksi jotain rauhoittavaa tekemist\u00e4, jolla saisi mielen samalla tyhjennetty\u00e4. Huonekalujen kunnostus ja restaurointi sek\u00e4 tuohity\u00f6t taas ovat ns. lajeja, joita isois\u00e4ni ovat harrastaneet ja jotka halusin oppia itsekin suvun perinteit\u00e4 kunnioittaen.<\/p>\n\n\n\n<div style=\"height:20px\" aria-hidden=\"true\" class=\"wp-block-spacer\"><\/div>\n\n\n\n<p>Olen kirjoittanut blogia ennenkin, mutta silloin motiivini olivat hieman erilaiset. Tein ammattikoulussa yhden ty\u00f6harjoittelun ulkomailla ja yhten\u00e4 perusteena apurahan saannille oli blogin kirjoittaminen. Silloin kirjoitin blogia enemm\u00e4n velvollisuudesta, mutta t\u00e4t\u00e4 blogia kirjoittelen ennemminkin harrastuspohjalta ja p\u00e4iv\u00e4kirjamaisesti. Samalla haluan jakaa lukijoilleni kokemuksiani vapaaehtoisty\u00f6st\u00e4 ulkomailla ja kertoa millaista arkea ekokyl\u00e4ss\u00e4 vietet\u00e4\u00e4n. <\/p>\n\n\n\n<div style=\"height:20px\" aria-hidden=\"true\" class=\"wp-block-spacer\"><\/div>\n\n\n\n<p>Tervetuloa seuraamaan vuottani sveitsil\u00e4isess\u00e4 ekokyl\u00e4ss\u00e4!<\/p>\n\n\n\n<figure class=\"wp-block-image size-large\"><img loading=\"lazy\" decoding=\"async\" width=\"1024\" height=\"683\" src=\"http:\/\/raikastavuori-ilmaajaekoelamaa.com\/wp-content\/uploads\/2023\/08\/IMG_8890-1024x683.jpg\" alt=\"\" class=\"wp-image-13\" srcset=\"https:\/\/raikastavuori-ilmaajaekoelamaa.com\/wp-content\/uploads\/2023\/08\/IMG_8890-1024x683.jpg 1024w, https:\/\/raikastavuori-ilmaajaekoelamaa.com\/wp-content\/uploads\/2023\/08\/IMG_8890-300x200.jpg 300w, https:\/\/raikastavuori-ilmaajaekoelamaa.com\/wp-content\/uploads\/2023\/08\/IMG_8890-768x512.jpg 768w, https:\/\/raikastavuori-ilmaajaekoelamaa.com\/wp-content\/uploads\/2023\/08\/IMG_8890-1536x1024.jpg 1536w, https:\/\/raikastavuori-ilmaajaekoelamaa.com\/wp-content\/uploads\/2023\/08\/IMG_8890-2048x1365.jpg 2048w\" sizes=\"auto, (max-width: 1024px) 100vw, 1024px\" \/><\/figure>\n","protected":false},"excerpt":{"rendered":"<p>Blogin takana h\u00e4\u00e4r\u00e4\u00e4 28-vuotias naisimmeinen, joka on kiinnostunut el\u00e4m\u00e4\u00e4n vihre\u00e4mmin ja kest\u00e4v\u00e4mmin. Viime vuosina olen havahtunut siihen, ett\u00e4 nyky\u00e4\u00e4n mietin yh\u00e4 enemm\u00e4n ostoksiani ja sit\u00e4 onko kyseess\u00e4 halu vai tarve. Ostan harkiten ja kest\u00e4v\u00e4\u00e4 sek\u00e4 suosin kirpputoreja hankinnoissani. Asunnossani on enimm\u00e4kseen kierr\u00e4tettyj\u00e4 huonekaluja ja vaatevarastoa p\u00e4ivitt\u00e4ess\u00e4 etsin tarvitsemaani ensin k\u00e4ytettyn\u00e4. Harrastuksiini kuuluu kaikenlainen luonnossa samoilu, &hellip;<\/p>\n<p class=\"read-more\"> <a class=\"\" href=\"https:\/\/raikastavuori-ilmaajaekoelamaa.com\/index.php\/esimerkkisivu\/\"> <span class=\"screen-reader-text\">Blogin takana&#8230;<\/span> Read More &raquo;<\/a><\/p>\n","protected":false},"author":1,"featured_media":0,"parent":0,"menu_order":0,"comment_status":"closed","ping_status":"open","template":"","meta":{"_uag_custom_page_level_css":"","_monsterinsights_skip_tracking":false,"_monsterinsights_sitenote_active":false,"_monsterinsights_sitenote_note":"","_monsterinsights_sitenote_category":0,"site-sidebar-layout":"default","site-content-layout":"default","ast-global-header-display":"","ast-banner-title-visibility":"","ast-main-header-display":"","ast-hfb-above-header-display":"","ast-hfb-below-header-display":"","ast-hfb-mobile-header-display":"","site-post-title":"","ast-breadcrumbs-content":"","ast-featured-img":"","footer-sml-layout":"","theme-transparent-header-meta":"","adv-header-id-meta":"","stick-header-meta":"","header-above-stick-meta":"","header-main-stick-meta":"","header-below-stick-meta":"","footnotes":""},"class_list":["post-2","page","type-page","status-publish","hentry"],"aioseo_notices":[],"uagb_featured_image_src":{"full":false,"thumbnail":false,"medium":false,"medium_large":false,"large":false,"1536x1536":false,"2048x2048":false},"uagb_author_info":{"display_name":"Vilma","author_link":"https:\/\/raikastavuori-ilmaajaekoelamaa.com\/index.php\/author\/raikastavuori-ilmaajaekoelamaa-com\/"},"uagb_comment_info":0,"uagb_excerpt":"Blogin takana h\u00e4\u00e4r\u00e4\u00e4 28-vuotias naisimmeinen, joka on kiinnostunut el\u00e4m\u00e4\u00e4n vihre\u00e4mmin ja kest\u00e4v\u00e4mmin. Viime vuosina olen havahtunut siihen, ett\u00e4 nyky\u00e4\u00e4n mietin yh\u00e4 enemm\u00e4n ostoksiani ja sit\u00e4 onko kyseess\u00e4 halu vai tarve. Ostan harkiten ja kest\u00e4v\u00e4\u00e4 sek\u00e4 suosin kirpputoreja hankinnoissani. Asunnossani on enimm\u00e4kseen kierr\u00e4tettyj\u00e4 huonekaluja ja vaatevarastoa p\u00e4ivitt\u00e4ess\u00e4 etsin tarvitsemaani ensin k\u00e4ytettyn\u00e4. Harrastuksiini kuuluu kaikenlainen luonnossa samoilu,&hellip;","_links":{"self":[{"href":"https:\/\/raikastavuori-ilmaajaekoelamaa.com\/index.php\/wp-json\/wp\/v2\/pages\/2","targetHints":{"allow":["GET"]}}],"collection":[{"href":"https:\/\/raikastavuori-ilmaajaekoelamaa.com\/index.php\/wp-json\/wp\/v2\/pages"}],"about":[{"href":"https:\/\/raikastavuori-ilmaajaekoelamaa.com\/index.php\/wp-json\/wp\/v2\/types\/page"}],"author":[{"embeddable":true,"href":"https:\/\/raikastavuori-ilmaajaekoelamaa.com\/index.php\/wp-json\/wp\/v2\/users\/1"}],"replies":[{"embeddable":true,"href":"https:\/\/raikastavuori-ilmaajaekoelamaa.com\/index.php\/wp-json\/wp\/v2\/comments?post=2"}],"version-history":[{"count":2,"href":"https:\/\/raikastavuori-ilmaajaekoelamaa.com\/index.php\/wp-json\/wp\/v2\/pages\/2\/revisions"}],"predecessor-version":[{"id":2352,"href":"https:\/\/raikastavuori-ilmaajaekoelamaa.com\/index.php\/wp-json\/wp\/v2\/pages\/2\/revisions\/2352"}],"wp:attachment":[{"href":"https:\/\/raikastavuori-ilmaajaekoelamaa.com\/index.php\/wp-json\/wp\/v2\/media?parent=2"}],"curies":[{"name":"wp","href":"https:\/\/api.w.org\/{rel}","templated":true}]}}