{"id":1322,"date":"2022-02-24T05:02:56","date_gmt":"2022-02-24T05:02:56","guid":{"rendered":"https:\/\/raikastavuori-ilmaajaekoelamaa.com\/index.php\/home\/"},"modified":"2024-05-04T16:21:28","modified_gmt":"2024-05-04T13:21:28","slug":"home","status":"publish","type":"page","link":"https:\/\/raikastavuori-ilmaajaekoelamaa.com\/","title":{"rendered":"Etusivu"},"content":{"rendered":"\n<div class=\"wp-block-uagb-container uagb-block-d66a0603 alignfull uagb-is-root-container\"><div class=\"uagb-container-inner-blocks-wrap\">\n<div class=\"wp-block-uagb-advanced-heading uagb-block-2155d90b\"><h1 class=\"uagb-heading-text\">Raikasta <\/h1><\/div>\n\n\n\n<div class=\"wp-block-uagb-advanced-heading uagb-block-0b70a86a\"><h1 class=\"uagb-heading-text\">vuori-ilmaa <\/h1><\/div>\n\n\n\n<div class=\"wp-block-uagb-advanced-heading uagb-block-41b8b904\"><h1 class=\"uagb-heading-text\">ja ekoel\u00e4m\u00e4\u00e4<\/h1><\/div>\n<\/div><\/div>\n\n\n\n<div style=\"height:50px\" aria-hidden=\"true\" class=\"wp-block-spacer\"><\/div>\n\n\n\n<div class=\"wp-block-query is-layout-flow wp-block-query-is-layout-flow\"><ul class=\"wp-block-post-template is-layout-flow wp-block-post-template-is-layout-flow\"><li class=\"wp-block-post post-2391 post type-post status-publish format-standard has-post-thumbnail hentry category-blog category-yhteisollisyys tag-talkoot\">\n<div class=\"wp-block-post-date\"><time datetime=\"2024-05-04T16:04:21+03:00\">4.5.2024<\/time><\/div>\n\n<h2 class=\"wp-block-post-title has-text-color has-black-color\"><a href=\"https:\/\/raikastavuori-ilmaajaekoelamaa.com\/index.php\/2024\/05\/04\/aktionstag-love-is-work-in-action\/\" target=\"_self\" >Aktionstag &#8211; Love is work in action<\/a><\/h2>\n\n<figure class=\"alignwide wp-block-post-featured-image\"><a href=\"https:\/\/raikastavuori-ilmaajaekoelamaa.com\/index.php\/2024\/05\/04\/aktionstag-love-is-work-in-action\/\" target=\"_self\"  ><img loading=\"lazy\" decoding=\"async\" width=\"1000\" height=\"666\" src=\"https:\/\/raikastavuori-ilmaajaekoelamaa.com\/wp-content\/uploads\/2024\/05\/hands-heart-red-paint-1846428-e1714827729899.jpg\" class=\"attachment-post-thumbnail size-post-thumbnail wp-post-image\" alt=\"Aktionstag &#8211; Love is work in action\" style=\"object-fit:cover;\" \/><\/a><\/figure>\n\n<div class=\"wp-block-post-excerpt\"><p class=\"wp-block-post-excerpt__excerpt\">Aktionstag &#8211; Love is work in action Blogin puolella on ollut taas radiohiljaisuutta, mutta unohtanut en t\u00e4t\u00e4 silti ole. Maaliskuussa olin l\u00e4hes jokaisena viikonloppuna menossa, joten vapaata hetke\u00e4 blogin kirjoittamiseen oli vaikea l\u00f6yt\u00e4\u00e4. Joko olin niin v\u00e4syksiss\u00e4 ja kaipasin lepoa kirjoittamisen sijaan tai sitten palasin Sennr\u00fctiin vasta iltamy\u00f6h\u00e4ll\u00e4. Huhtikuussa taas viikot vilisiv\u00e4t ohi aivan huomaamatta,&hellip; <\/p><\/div>\n\n\n<hr class=\"wp-block-separator has-css-opacity\"\/>\n\n\n<div class=\"wp-block-post-date\"><time datetime=\"2024-05-04T16:04:21+03:00\">4.5.2024<\/time><\/div>\n<\/li><li class=\"wp-block-post post-2386 post type-post status-publish format-standard has-post-thumbnail hentry category-blog tag-european-volunteer-service tag-evs\">\n<div class=\"wp-block-post-date\"><time datetime=\"2024-03-10T16:05:33+02:00\">10.3.2024<\/time><\/div>\n\n<h2 class=\"wp-block-post-title has-text-color has-black-color\"><a href=\"https:\/\/raikastavuori-ilmaajaekoelamaa.com\/index.php\/2024\/03\/10\/puolivalin-pohdintaa\/\" target=\"_self\" >Puoliv\u00e4lin pohdintaa<\/a><\/h2>\n\n<figure class=\"alignwide wp-block-post-featured-image\"><a href=\"https:\/\/raikastavuori-ilmaajaekoelamaa.com\/index.php\/2024\/03\/10\/puolivalin-pohdintaa\/\" target=\"_self\"  ><img loading=\"lazy\" decoding=\"async\" width=\"1000\" height=\"667\" src=\"https:\/\/raikastavuori-ilmaajaekoelamaa.com\/wp-content\/uploads\/2024\/03\/digitization-transformation-woman-5194816-e1710079432306.jpg\" class=\"attachment-post-thumbnail size-post-thumbnail wp-post-image\" alt=\"Puoliv\u00e4lin pohdintaa\" style=\"object-fit:cover;\" \/><\/a><\/figure>\n\n<div class=\"wp-block-post-excerpt\"><p class=\"wp-block-post-excerpt__excerpt\">Puoliv\u00e4lin pohdintaa Helmi-maaliskuun vaihteessa saavutettiin vapaaehtoisty\u00f6projekti puoliv\u00e4lin rajapyykki. Tuntuu silt\u00e4, ett\u00e4 Sveitsiin saapumisesta on yht\u00e4 aikaa ikuisuus ja toisaalta vain pieni hetki aikaa. Vuosien opiskelun j\u00e4lkeen tarvitsin tauon, jotta voisin l\u00f6yt\u00e4\u00e4 taas yhteyden itseeni, joten t\u00e4\u00e4ll\u00e4 oleminen ja et\u00e4isyyden saaminen on tehnyt minulle hyv\u00e4\u00e4. Luultavasti t\u00e4m\u00e4 koko artikkeli on puhtaasti ajatusvirtaa, joten bare with me!&hellip; <\/p><\/div>\n\n\n<hr class=\"wp-block-separator has-css-opacity\"\/>\n\n\n<div class=\"wp-block-post-date\"><time datetime=\"2024-03-10T16:05:33+02:00\">10.3.2024<\/time><\/div>\n<\/li><li class=\"wp-block-post post-2375 post type-post status-publish format-standard has-post-thumbnail hentry category-blog tag-joulu tag-joulukuu tag-joulumarkkinat tag-jouluperinteet tag-joulusauna\">\n<div class=\"wp-block-post-date\"><time datetime=\"2024-02-04T21:37:32+02:00\">4.2.2024<\/time><\/div>\n\n<h2 class=\"wp-block-post-title has-text-color has-black-color\"><a href=\"https:\/\/raikastavuori-ilmaajaekoelamaa.com\/index.php\/2024\/02\/04\/das-weihnachtsalphabet\/\" target=\"_self\" >Das Weihnachtsalphabet<\/a><\/h2>\n\n<figure class=\"alignwide wp-block-post-featured-image\"><a href=\"https:\/\/raikastavuori-ilmaajaekoelamaa.com\/index.php\/2024\/02\/04\/das-weihnachtsalphabet\/\" target=\"_self\"  ><img loading=\"lazy\" decoding=\"async\" width=\"1000\" height=\"655\" src=\"https:\/\/raikastavuori-ilmaajaekoelamaa.com\/wp-content\/uploads\/2024\/02\/christmas-gift-new-year-3015776-e1707075336910.jpg\" class=\"attachment-post-thumbnail size-post-thumbnail wp-post-image\" alt=\"Das Weihnachtsalphabet\" style=\"object-fit:cover;\" \/><\/a><\/figure>\n\n<div class=\"wp-block-post-excerpt\"><p class=\"wp-block-post-excerpt__excerpt\">Das Weihnachtsalphabet Eli mist\u00e4 sveitsil\u00e4inen jouluni 2023 koostui A = Advent Kranz Tein t\u00e4n\u00e4 jouluna ensimm\u00e4ist\u00e4 kertaa adventtikransseja! Adventtikranssit ovat k\u00e4yt\u00e4nn\u00f6ss\u00e4 py\u00f6re\u00e4\u00e4n kehikkoon kierrettyj\u00e4 havukransseja. Materiaalina adventtikransseissa k\u00e4ytettiin ainakin viiden eri havupuun oksia, mistelinoksia, piikkipaatsamaa, kahta eri tuijalajiketta sek\u00e4 muita ikivihreit\u00e4 kasveja. Oksien kiinnitt\u00e4misess\u00e4 k\u00e4ytimme apuna rautalankaa ja niittej\u00e4. B = Bescherung C = Christkindl&hellip; <\/p><\/div>\n\n\n<hr class=\"wp-block-separator has-css-opacity\"\/>\n\n\n<div class=\"wp-block-post-date\"><time datetime=\"2024-02-04T21:37:32+02:00\">4.2.2024<\/time><\/div>\n<\/li><\/ul><\/div>\n\n\n\n<div class=\"wp-block-uagb-container uagb-block-6126eb5c alignfull uagb-is-root-container\"><div class=\"uagb-container-inner-blocks-wrap\">\n<div class=\"wp-block-uagb-advanced-heading uagb-block-2b5f3149\"><h2 class=\"uagb-heading-text\">Aihealueet<\/h2><\/div>\n\n\n\n<div class=\"wp-block-uagb-container uagb-block-7dce3a97\">\n<div class=\"wp-block-uagb-container uagb-block-9da23ce8\">\n<div class=\"wp-block-uagb-info-box uagb-block-56d081d1 uagb-infobox__content-wrap  uagb-infobox-icon-above-title uagb-infobox-image-valign-top\"><div class=\"uagb-ifb-content\"><div class=\"uagb-ifb-image-content\"><img decoding=\"async\" src=\"http:\/\/raikastavuori-ilmaajaekoelamaa.com\/wp-content\/uploads\/2021\/11\/service-1.jpg\" alt=\"\" width=\"370\" height=\"500\" loading=\"lazy\"\/><\/div><div class=\"uagb-ifb-title-wrap\"><h3 class=\"uagb-ifb-title\">Omavaraisuus ja l\u00e4hiruoan suosinta<\/h3><\/div><p class=\"uagb-ifb-desc\">Ekokyl\u00e4ss\u00e4, jossa toimin vapaaehtoisty\u00f6ntekij\u00e4n\u00e4 pyrit\u00e4\u00e4n olemaan mahdollisimman omavaraisia. Mit\u00e4 ei saada omasta puutarhasta, ostetaan l\u00e4hituottajilta.<\/p><\/div><\/div>\n<\/div>\n\n\n\n<div class=\"wp-block-uagb-container uagb-block-ff906c57\">\n<div class=\"wp-block-uagb-info-box uagb-block-b483e0d5 uagb-infobox__content-wrap  uagb-infobox-icon-above-title uagb-infobox-image-valign-top\"><div class=\"uagb-ifb-content\"><div class=\"uagb-ifb-image-content\"><img decoding=\"async\" src=\"http:\/\/raikastavuori-ilmaajaekoelamaa.com\/wp-content\/uploads\/2021\/11\/service-2.jpg\" alt=\"\" width=\"370\" height=\"500\" loading=\"lazy\"\/><\/div><div class=\"uagb-ifb-title-wrap\"><h3 class=\"uagb-ifb-title\">Kierr\u00e4tt\u00e4minen ja uusiok\u00e4ytt\u00f6<\/h3><\/div><p class=\"uagb-ifb-desc\">Kaikki alueella syntyv\u00e4 j\u00e4te kierr\u00e4tet\u00e4\u00e4n. Materiaalit pyrit\u00e4\u00e4n uusiok\u00e4ytt\u00e4m\u00e4\u00e4n niin, ettei luonnonvaroja tarvitse kuluttaa turhaan.<\/p><\/div><\/div>\n<\/div>\n\n\n\n<div class=\"wp-block-uagb-container uagb-block-7f84ae4b\">\n<div class=\"wp-block-uagb-info-box uagb-block-09a88236 uagb-infobox__content-wrap  uagb-infobox-icon-above-title uagb-infobox-image-valign-top\"><div class=\"uagb-ifb-content\"><div class=\"uagb-ifb-image-content\"><img decoding=\"async\" src=\"http:\/\/raikastavuori-ilmaajaekoelamaa.com\/wp-content\/uploads\/2021\/11\/service-3.jpg\" alt=\"\" width=\"370\" height=\"500\" loading=\"lazy\"\/><\/div><div class=\"uagb-ifb-title-wrap\"><h3 class=\"uagb-ifb-title\">Insin\u00f6\u00f6rin n\u00e4k\u00f6kulma<\/h3><\/div><p class=\"uagb-ifb-desc\">Koska olen koulutukseltani rakennusinsin\u00f6\u00f6ri, pyrin tuomaan blogiin my\u00f6s hieman insin\u00f6\u00f6rim\u00e4ist\u00e4 n\u00e4k\u00f6kulmaa.<\/p><\/div><\/div>\n<\/div>\n<\/div>\n<\/div><\/div>\n\n\n\n<div class=\"wp-block-uagb-container uagb-block-b5ce0125 alignfull uagb-is-root-container\"><div class=\"uagb-container-inner-blocks-wrap\"><\/div><\/div>\n","protected":false},"excerpt":{"rendered":"<p>Raikasta vuori-ilmaa ja ekoel\u00e4m\u00e4\u00e4 Aihealueet<\/p>\n","protected":false},"author":1,"featured_media":0,"parent":0,"menu_order":0,"comment_status":"closed","ping_status":"closed","template":"","meta":{"_uag_custom_page_level_css":"","_monsterinsights_skip_tracking":false,"_monsterinsights_sitenote_active":false,"_monsterinsights_sitenote_note":"","_monsterinsights_sitenote_category":0,"site-sidebar-layout":"no-sidebar","site-content-layout":"page-builder","ast-global-header-display":"","ast-banner-title-visibility":"","ast-main-header-display":"","ast-hfb-above-header-display":"","ast-hfb-below-header-display":"","ast-hfb-mobile-header-display":"","site-post-title":"disabled","ast-breadcrumbs-content":"","ast-featured-img":"disabled","footer-sml-layout":"","theme-transparent-header-meta":"enabled","adv-header-id-meta":"","stick-header-meta":"","header-above-stick-meta":"","header-main-stick-meta":"","header-below-stick-meta":"","footnotes":""},"class_list":["post-1322","page","type-page","status-publish","hentry"],"aioseo_notices":[],"uagb_featured_image_src":{"full":false,"thumbnail":false,"medium":false,"medium_large":false,"large":false,"1536x1536":false,"2048x2048":false},"uagb_author_info":{"display_name":"Vilma","author_link":"https:\/\/raikastavuori-ilmaajaekoelamaa.com\/index.php\/author\/raikastavuori-ilmaajaekoelamaa-com\/"},"uagb_comment_info":0,"uagb_excerpt":"Raikasta vuori-ilmaa ja ekoel\u00e4m\u00e4\u00e4 Aihealueet","_links":{"self":[{"href":"https:\/\/raikastavuori-ilmaajaekoelamaa.com\/index.php\/wp-json\/wp\/v2\/pages\/1322","targetHints":{"allow":["GET"]}}],"collection":[{"href":"https:\/\/raikastavuori-ilmaajaekoelamaa.com\/index.php\/wp-json\/wp\/v2\/pages"}],"about":[{"href":"https:\/\/raikastavuori-ilmaajaekoelamaa.com\/index.php\/wp-json\/wp\/v2\/types\/page"}],"author":[{"embeddable":true,"href":"https:\/\/raikastavuori-ilmaajaekoelamaa.com\/index.php\/wp-json\/wp\/v2\/users\/1"}],"replies":[{"embeddable":true,"href":"https:\/\/raikastavuori-ilmaajaekoelamaa.com\/index.php\/wp-json\/wp\/v2\/comments?post=1322"}],"version-history":[{"count":17,"href":"https:\/\/raikastavuori-ilmaajaekoelamaa.com\/index.php\/wp-json\/wp\/v2\/pages\/1322\/revisions"}],"predecessor-version":[{"id":2400,"href":"https:\/\/raikastavuori-ilmaajaekoelamaa.com\/index.php\/wp-json\/wp\/v2\/pages\/1322\/revisions\/2400"}],"wp:attachment":[{"href":"https:\/\/raikastavuori-ilmaajaekoelamaa.com\/index.php\/wp-json\/wp\/v2\/media?parent=1322"}],"curies":[{"name":"wp","href":"https:\/\/api.w.org\/{rel}","templated":true}]}}